{"id":1399,"date":"2022-12-21T00:48:58","date_gmt":"2022-12-20T23:48:58","guid":{"rendered":"https:\/\/www.snowplak.com\/?page_id=1399"},"modified":"2022-12-21T00:48:59","modified_gmt":"2022-12-20T23:48:59","slug":"politique-de-confidentialite","status":"publish","type":"page","link":"https:\/\/www.snowplak.com\/en\/politique-de-confidentialite\/","title":{"rendered":"Privacy policy"},"content":{"rendered":"<p><strong>Introduction<\/strong><\/p>\n\n\n\n<p>Dans le cadre de son activit\u00e9, l\u2019entreprise SnowPlak est amen\u00e9e \u00e0 collecter et \u00e0 traiter des informations dont certaines sont qualifi\u00e9es de \u00ab&nbsp;donn\u00e9es personnelles&nbsp;\u00bb. La soci\u00e9t\u00e9 SnowPlak attache une grande importance au respect de la vie priv\u00e9e, et n\u2019utilise que des donnes de mani\u00e8re responsable et confidentielle et dans une finalit\u00e9 pr\u00e9cise.<\/p>\n\n\n\n<p><strong>Donn\u00e9es personnelles<\/strong><\/p>\n\n\n\n<p>Sur le site web\u00a0<a href=\"https:\/\/www.snowplak.com\/en\/\">https:\/\/snowplak.com<\/a>, il y a deux types de donn\u00e9es susceptibles d\u2019\u00eatre recueillies :<\/p>\n\n\n\n<ul class=\"wp-block-list\">\n<li>Les donn\u00e9es transmises directement<br>Ces donn\u00e9es sont celles que vous nous transmettez directement, via un formulaire de contact ou bien par contact direct par email. Sont obligatoires dans le formulaire de contact le champs \u00ab pr\u00e9nom et nom \u00bb et \u00ab email \u00bb.<\/li>\n\n\n\n<li>Les donn\u00e9es collect\u00e9es automatiquement<br>Lors de vos visites, une fois votre consentement donn\u00e9, nous pouvons recueillir des informations de type \u00ab web analytics \u00bb relatives \u00e0 votre navigation, la dur\u00e9e de votre consultation, votre adresse IP, votre type et version de navigateur. La technologie utilis\u00e9e est le cookie.<\/li>\n<\/ul>\n\n\n\n<p><strong>Utilisation des donn\u00e9es<\/strong><\/p>\n\n\n\n<p>Les donn\u00e9es que vous nous transmettez directement sont utilis\u00e9es dans le but de vous re-contacter et\/ou dans le cadre de la demande que vous nous faites. Les donn\u00e9es \u00ab web analytics \u00bb sont collect\u00e9es de forme anonyme (en enregistrant des adresses IP anonymes) par Matomo, et nous permettent de mesurer l\u2019audience de notre site web, les consultations et les \u00e9ventuelles erreurs afin d\u2019am\u00e9liorer constamment l\u2019exp\u00e9rience des utilisateurs. Ces donn\u00e9es sont utilis\u00e9es par SnowPlak, responsable du traitement des donn\u00e9es, et ne seront jamais c\u00e9d\u00e9es \u00e0 un tiers ni utilis\u00e9es \u00e0 d\u2019autres fins que celles d\u00e9taill\u00e9es ci-dessus.<\/p>\n\n\n\n<p><strong>Base l\u00e9gale<\/strong><\/p>\n\n\n\n<p>Les donn\u00e9es personnelles ne sont collect\u00e9es qu\u2019apr\u00e8s consentement obligatoire de l\u2019utilisateur. Ce consentement est recueilli d\u00e8s envoi du formulaire contact ou d\u2019un email.<\/p>\n\n\n\n<p><strong>Dur\u00e9e de conservation<\/strong><\/p>\n\n\n\n<p>Les donn\u00e9es seront sauvegard\u00e9es durant une dur\u00e9e maximale de 5 ans.<\/p>\n\n\n\n<p><strong>Cookies<\/strong><\/p>\n\n\n\n<ul class=\"wp-block-list\">\n<li>Cookies avec la technologie MATOMO&nbsp;:&nbsp;<a href=\"https:\/\/matomo.org\/\">https:\/\/matomo.org<\/a>&nbsp;\u2013 Web analytics<\/li>\n\n\n\n<li>Permet de garder en m\u00e9moire le fait que vous acceptez les cookies afin de ne plus vous importuner lors de votre prochaine visite.<\/li>\n<\/ul>\n\n\n\n<p><strong>Vos droits concernant les donn\u00e9es personnelles<\/strong><\/p>\n\n\n\n<p>Vous avez le droit de consultation, demande de modification ou d\u2019effacement sur l\u2019ensemble de vos donn\u00e9es personnelles. Vous pouvez \u00e9galement retirer votre consentement au traitement de vos donn\u00e9es.<\/p>\n\n\n\n<p><strong>Contact d\u00e9l\u00e9gu\u00e9 \u00e0 la protection des donn\u00e9es<\/strong><\/p>\n\n\n\n<p>SnowPlak<br>contact @ snowplak . eu (composer un email \u00e0 l&rsquo;adresse, en retirant les espaces)<\/p>","protected":false},"excerpt":{"rendered":"<p>Introduction Dans le cadre de son activit\u00e9, l\u2019entreprise SnowPlak est amen\u00e9e \u00e0 collecter et \u00e0 traiter des informations dont certaines sont qualifi\u00e9es de \u00ab&nbsp;donn\u00e9es personnelles&nbsp;\u00bb. La soci\u00e9t\u00e9 SnowPlak attache une grande importance au respect de la vie priv\u00e9e, et n\u2019utilise que des donnes de mani\u00e8re responsable et confidentielle et dans une finalit\u00e9 pr\u00e9cise. Donn\u00e9es personnelles [&hellip;]<\/p>\n","protected":false},"author":1,"featured_media":0,"parent":0,"menu_order":0,"comment_status":"closed","ping_status":"closed","template":"","meta":{"_acf_changed":false,"_seopress_robots_primary_cat":"","_seopress_titles_title":"","_seopress_titles_desc":"","_seopress_robots_index":"","_et_pb_use_builder":"off","_et_pb_old_content":"","_et_gb_content_width":"","footnotes":""},"class_list":["post-1399","page","type-page","status-publish","hentry"],"acf":[],"_links":{"self":[{"href":"https:\/\/www.snowplak.com\/en\/wp-json\/wp\/v2\/pages\/1399","targetHints":{"allow":["GET"]}}],"collection":[{"href":"https:\/\/www.snowplak.com\/en\/wp-json\/wp\/v2\/pages"}],"about":[{"href":"https:\/\/www.snowplak.com\/en\/wp-json\/wp\/v2\/types\/page"}],"author":[{"embeddable":true,"href":"https:\/\/www.snowplak.com\/en\/wp-json\/wp\/v2\/users\/1"}],"replies":[{"embeddable":true,"href":"https:\/\/www.snowplak.com\/en\/wp-json\/wp\/v2\/comments?post=1399"}],"version-history":[{"count":1,"href":"https:\/\/www.snowplak.com\/en\/wp-json\/wp\/v2\/pages\/1399\/revisions"}],"predecessor-version":[{"id":1401,"href":"https:\/\/www.snowplak.com\/en\/wp-json\/wp\/v2\/pages\/1399\/revisions\/1401"}],"wp:attachment":[{"href":"https:\/\/www.snowplak.com\/en\/wp-json\/wp\/v2\/media?parent=1399"}],"curies":[{"name":"wp","href":"https:\/\/api.w.org\/{rel}","templated":true}]}}