{"id":1127,"date":"2019-05-30T16:37:19","date_gmt":"2019-05-30T14:37:19","guid":{"rendered":"https:\/\/www.snowplak.com\/?post_type=product&#038;p=1127"},"modified":"2023-11-23T17:35:36","modified_gmt":"2023-11-23T16:35:36","slug":"snowplak-trek","status":"publish","type":"product","link":"https:\/\/www.snowplak.com\/en\/product\/snowplak-trek\/","title":{"rendered":"Trek"},"content":{"rendered":"<p>[et_pb_section fb_built=\u00a0\u00bb1&Prime; _builder_version=\u00a0\u00bb4.16&Prime; custom_padding=\u00a0\u00bb0px||||false|false\u00a0\u00bb global_colors_info=\u00a0\u00bb{}\u00a0\u00bb][et_pb_row _builder_version=\u00a0\u00bb4.16&Prime; background_size=\u00a0\u00bbinitial\u00a0\u00bb background_position=\u00a0\u00bbtop_left\u00a0\u00bb background_repeat=\u00a0\u00bbrepeat\u00a0\u00bb width=\u00a0\u00bb100%\u00a0\u00bb custom_padding=\u00a0\u00bb0px||0px||false|false\u00a0\u00bb global_colors_info=\u00a0\u00bb{}\u00a0\u00bb][et_pb_column type=\u00a0\u00bb4_4&Prime; _builder_version=\u00a0\u00bb4.16&Prime; custom_padding=\u00a0\u00bb|||\u00a0\u00bb global_colors_info=\u00a0\u00bb{}\u00a0\u00bb custom_padding__hover=\u00a0\u00bb|||\u00a0\u00bb][et_pb_wc_breadcrumb _builder_version=\u00a0\u00bb4.16&Prime; global_colors_info=\u00a0\u00bb{}\u00a0\u00bb][\/et_pb_wc_breadcrumb][et_pb_wc_cart_notice _builder_version=\u00a0\u00bb4.16&Prime; global_colors_info=\u00a0\u00bb{}\u00a0\u00bb][\/et_pb_wc_cart_notice][\/et_pb_column][\/et_pb_row][et_pb_row column_structure=\u00a0\u00bb1_2,1_2&Prime; _builder_version=\u00a0\u00bb4.16&Prime; background_size=\u00a0\u00bbinitial\u00a0\u00bb background_position=\u00a0\u00bbtop_left\u00a0\u00bb background_repeat=\u00a0\u00bbrepeat\u00a0\u00bb width=\u00a0\u00bb100%\u00a0\u00bb custom_padding=\u00a0\u00bb0px||||false|false\u00a0\u00bb global_colors_info=\u00a0\u00bb{}\u00a0\u00bb][et_pb_column type=\u00a0\u00bb1_2&Prime; _builder_version=\u00a0\u00bb4.16&Prime; custom_padding=\u00a0\u00bb|||\u00a0\u00bb global_colors_info=\u00a0\u00bb{}\u00a0\u00bb custom_padding__hover=\u00a0\u00bb|||\u00a0\u00bb][et_pb_wc_images _builder_version=\u00a0\u00bb4.16&Prime; global_colors_info=\u00a0\u00bb{}\u00a0\u00bb][\/et_pb_wc_images][\/et_pb_column][et_pb_column type=\u00a0\u00bb1_2&Prime; _builder_version=\u00a0\u00bb4.16&Prime; custom_padding=\u00a0\u00bb|||\u00a0\u00bb global_colors_info=\u00a0\u00bb{}\u00a0\u00bb custom_padding__hover=\u00a0\u00bb|||\u00a0\u00bb][et_pb_wc_title _builder_version=\u00a0\u00bb4.16&Prime; global_colors_info=\u00a0\u00bb{}\u00a0\u00bb][\/et_pb_wc_title][et_pb_wc_rating _builder_version=\u00a0\u00bb4.16&Prime; global_colors_info=\u00a0\u00bb{}\u00a0\u00bb][\/et_pb_wc_rating][et_pb_wc_price _builder_version=\u00a0\u00bb4.16&Prime; global_colors_info=\u00a0\u00bb{}\u00a0\u00bb][\/et_pb_wc_price][et_pb_wc_description _builder_version=\u00a0\u00bb4.16&Prime; global_colors_info=\u00a0\u00bb{}\u00a0\u00bb][\/et_pb_wc_description][et_pb_wc_add_to_cart _builder_version=\u00a0\u00bb4.16&Prime; global_colors_info=\u00a0\u00bb{}\u00a0\u00bb][\/et_pb_wc_add_to_cart][\/et_pb_column][\/et_pb_row][et_pb_row _builder_version=\u00a0\u00bb4.16&Prime; background_size=\u00a0\u00bbinitial\u00a0\u00bb background_position=\u00a0\u00bbtop_left\u00a0\u00bb background_repeat=\u00a0\u00bbrepeat\u00a0\u00bb width=\u00a0\u00bb100%\u00a0\u00bb global_colors_info=\u00a0\u00bb{}\u00a0\u00bb][et_pb_column type=\u00a0\u00bb4_4&Prime; _builder_version=\u00a0\u00bb4.16&Prime; custom_padding=\u00a0\u00bb|||\u00a0\u00bb global_colors_info=\u00a0\u00bb{}\u00a0\u00bb custom_padding__hover=\u00a0\u00bb|||\u00a0\u00bb][et_pb_wc_tabs _builder_version=\u00a0\u00bb4.16&Prime; global_colors_info=\u00a0\u00bb{}\u00a0\u00bb] [\/et_pb_wc_tabs][et_pb_wc_upsells _builder_version=\u00a0\u00bb4.16&Prime; global_colors_info=\u00a0\u00bb{}\u00a0\u00bb][\/et_pb_wc_upsells][et_pb_wc_related_products _builder_version=\u00a0\u00bb4.16&Prime; global_colors_info=\u00a0\u00bb{}\u00a0\u00bb][\/et_pb_wc_related_products][\/et_pb_column][\/et_pb_row][\/et_pb_section]<\/p>\n","protected":false},"excerpt":{"rendered":"<p>Snowshoe adaptable to any hiking or ski boot<\/p>\n<p>&nbsp;<\/p>","protected":false},"featured_media":1130,"menu_order":0,"comment_status":"closed","ping_status":"closed","template":"","meta":{"_acf_changed":false,"_seopress_robots_primary_cat":"none","_seopress_titles_title":"","_seopress_titles_desc":"Raquette \u00e0 neige adaptable sur toute chaussure de randonn\u00e9e ou de ski (pointures 36-46). Accroche exceptionnelle en pente raide gr\u00e2ce \u00e0 son concept brevet\u00e9.","_seopress_robots_index":"","_et_pb_use_builder":"on","_et_pb_old_content":"Raquette \u00e0 neige adaptable sur toute chaussure de randonn\u00e9e ou de ski, pointures 36-46.\r\n\r\nL\u2019efficacit\u00e9 de ce concept brevet\u00e9 est incomparable en pente raide. Son accroche\r\nexceptionnelle vous s\u00e9curisera dans les travers\u00e9es et en descente.\r\n\r\nSon crampon aluminium Grivel 12 pointes allie simplicit\u00e9 d\u2019utilisation et confort de marche. La\r\nqualit\u00e9 de ses mat\u00e9riaux est exceptionnelle. Il reste d\u00e9montable pour l\u2019utiliser en alpinisme.\r\n\r\nLes couteaux lat\u00e9raux et avant de la plaque r\u00e9partissent l\u2019appui dans la couche de neige en\r\nmont\u00e9e et en travers\u00e9e. La technologie de ce crampon 12 pointes rend le plant\u00e9 de talon tr\u00e8s\r\nefficace sur toutes neiges lors de la descente. Son positionnement bas sous la plaque permet\r\nune marche naturelle et fluide en toutes circonstances.\r\n\r\nCette raquette \u00e0 neige compacte et l\u00e9g\u00e8re se rangera facilement dans votre sac \u00e0 dos.\r\nVous pourrez alors exp\u00e9rimenter des terrains plus complexes et prolonger votre aventure.\r\n\r\nLa SnowPlak-Trek est compos\u00e9e de :\r\n\u2022 Plaques aluminium en U \u00e0 couteaux lat\u00e9raux.\r\n\u2022 Crampons Grivel Air Tech Lite Wide New-Matic (Trek-a) ou New-Classic (Trek-b)\r\n\u2022 Tube aluminium fix\u00e9 sur le crampon \u00e0 r\u00e9glable manuel.\r\n\u2022 Plaquette aluminium de renfort avant rivet\u00e9e sous la plaque\r\n\r\nPoids, dimensions : 1,3kg la paire avec crampons, 23x34cm\r\nMati\u00e8re : plaque en aluminium anodis\u00e9 orange.\r\n\r\nLa compatibilit\u00e9 avec les crampons cit\u00e9s ou repr\u00e9sent\u00e9s repose sur des tests r\u00e9alis\u00e9s par la SAS SnowPlak seule.\r\nLa responsabilit\u00e9 de la soci\u00e9t\u00e9 Grivel ne saurait en aucun cas \u00eatre engag\u00e9e.\r\n\r\n<strong>Remise PRO de 10 % sur le mod\u00e8le Trek<\/strong>\r\nGuides HM, AEM, secouristes et m\u00e9decins\r\nDemandez votre devis par mail: contact@snowplak.eu","_et_gb_content_width":""},"product_brand":[],"product_cat":[25],"product_tag":[],"class_list":{"0":"post-1127","1":"product","2":"type-product","3":"status-publish","4":"has-post-thumbnail","6":"product_cat-raquettes-snowplak","7":"product_shipping_class-trek","9":"first","10":"instock","11":"taxable","12":"shipping-taxable","13":"purchasable","14":"product-type-simple"},"acf":[],"_links":{"self":[{"href":"https:\/\/www.snowplak.com\/en\/wp-json\/wp\/v2\/product\/1127","targetHints":{"allow":["GET"]}}],"collection":[{"href":"https:\/\/www.snowplak.com\/en\/wp-json\/wp\/v2\/product"}],"about":[{"href":"https:\/\/www.snowplak.com\/en\/wp-json\/wp\/v2\/types\/product"}],"replies":[{"embeddable":true,"href":"https:\/\/www.snowplak.com\/en\/wp-json\/wp\/v2\/comments?post=1127"}],"wp:featuredmedia":[{"embeddable":true,"href":"https:\/\/www.snowplak.com\/en\/wp-json\/wp\/v2\/media\/1130"}],"wp:attachment":[{"href":"https:\/\/www.snowplak.com\/en\/wp-json\/wp\/v2\/media?parent=1127"}],"wp:term":[{"taxonomy":"product_brand","embeddable":true,"href":"https:\/\/www.snowplak.com\/en\/wp-json\/wp\/v2\/product_brand?post=1127"},{"taxonomy":"product_cat","embeddable":true,"href":"https:\/\/www.snowplak.com\/en\/wp-json\/wp\/v2\/product_cat?post=1127"},{"taxonomy":"product_tag","embeddable":true,"href":"https:\/\/www.snowplak.com\/en\/wp-json\/wp\/v2\/product_tag?post=1127"}],"curies":[{"name":"wp","href":"https:\/\/api.w.org\/{rel}","templated":true}]}}