{"id":1098,"date":"2021-05-30T16:02:51","date_gmt":"2021-05-30T14:02:51","guid":{"rendered":"https:\/\/www.snowplak.com\/?page_id=1098"},"modified":"2025-11-04T20:33:06","modified_gmt":"2025-11-04T19:33:06","slug":"stories","status":"publish","type":"page","link":"https:\/\/www.snowplak.com\/fr\/stories\/","title":{"rendered":"Stories"},"content":{"rendered":"<p>[et_pb_section fb_built=&#8221;1&#8243; admin_label=&#8221;Hero&#8221; _builder_version=&#8221;4.20.2&#8243; use_background_color_gradient=&#8221;on&#8221; background_color_gradient_type=&#8221;circular&#8221; background_color_gradient_direction_radial=&#8221;bottom left&#8221; background_color_gradient_stops=&#8221;rgba(10,0,0,0.28) 10%|rgba(33,25,21,0) 100%&#8221; background_color_gradient_overlays_image=&#8221;on&#8221; background_color_gradient_start=&#8221;#210b00&#8243; background_color_gradient_start_position=&#8221;10%&#8221; background_color_gradient_end=&#8221;rgba(33,25,21,0)&#8221; background_image=&#8221;https:\/\/www.snowplak.com\/wp-content\/uploads\/2023\/04\/20201107-leveque-sw-6413_srgb-1.jpg&#8221; height=&#8221;60vh&#8221; custom_padding=&#8221;||||false|false&#8221; custom_css_main_element=&#8221;display:flex;&#8221; locked=&#8221;off&#8221; global_colors_info=&#8221;{}&#8221;][et_pb_row _builder_version=&#8221;4.16&#8243; custom_margin=&#8221;|||&#8221; global_colors_info=&#8221;{}&#8221;][et_pb_column type=&#8221;4_4&#8243; _builder_version=&#8221;4.16&#8243; custom_padding=&#8221;|||&#8221; global_colors_info=&#8221;{}&#8221; custom_padding__hover=&#8221;|||&#8221;][et_pb_text _builder_version=&#8221;4.20.2&#8243; text_font=&#8221;Open Sans||||||||&#8221; text_line_height=&#8221;2em&#8221; header_font=&#8221;|600||on|||||&#8221; header_font_size=&#8221;49px&#8221; header_line_height=&#8221;1.2em&#8221; background_layout=&#8221;dark&#8221; max_width=&#8221;700px&#8221; text_font_size_tablet=&#8221;&#8221; text_font_size_phone=&#8221;16px&#8221; text_font_size_last_edited=&#8221;on|phone&#8221; header_font_size_tablet=&#8221;44px&#8221; header_font_size_phone=&#8221;24px&#8221; header_font_size_last_edited=&#8221;on|desktop&#8221; header_line_height_tablet=&#8221;1.4em&#8221; header_line_height_phone=&#8221;1.4em&#8221; header_line_height_last_edited=&#8221;on|desktop&#8221; global_colors_info=&#8221;{}&#8221;]<\/p>\n<h1>ACTUALIT\u00c9s<\/h1>\n<p>\u00a0D\u00e9couvrez les actualit\u00e9s de SnowPlak<\/p>\n<p>[\/et_pb_text][\/et_pb_column][\/et_pb_row][\/et_pb_section][et_pb_section fb_built=&#8221;1&#8243; admin_label=&#8221;Blog&#8221; _builder_version=&#8221;4.20.0&#8243; _module_preset=&#8221;default&#8221; collapsed=&#8221;on&#8221; global_colors_info=&#8221;{}&#8221;][et_pb_row _builder_version=&#8221;4.27.4&#8243; _module_preset=&#8221;default&#8221; hover_enabled=&#8221;0&#8243; global_colors_info=&#8221;{}&#8221; sticky_enabled=&#8221;0&#8243;][et_pb_column type=&#8221;4_4&#8243; _builder_version=&#8221;4.20.2&#8243; _module_preset=&#8221;default&#8221; custom_css_main_element=&#8221;display:flex; ||justify-content:center;||align-items:center;||flex-direction:column;&#8221; global_colors_info=&#8221;{}&#8221;][et_pb_text _builder_version=&#8221;4.27.4&#8243; _module_preset=&#8221;default&#8221; hover_enabled=&#8221;0&#8243; sticky_enabled=&#8221;0&#8243;]<\/p>\n<table border=\"0\" style=\"width: 100%; border-collapse: collapse; border-style: none;\">\n<tbody>\n<tr>\n<td style=\"width: 50%;\"><img decoding=\"async\" src=\"https:\/\/www.snowplak.com\/wp-content\/uploads\/2025\/11\/affiche-rcm-2025.jpg\" width=\"100%\" alt=\"affiche rcm 2025\" class=\"wp-image-2184 size-full\" srcset=\"https:\/\/www.snowplak.com\/wp-content\/uploads\/2025\/11\/affiche-rcm-2025.jpg 1294w, https:\/\/www.snowplak.com\/wp-content\/uploads\/2025\/11\/affiche-rcm-2025-1280x1816.jpg 1280w, https:\/\/www.snowplak.com\/wp-content\/uploads\/2025\/11\/affiche-rcm-2025-980x1390.jpg 980w, https:\/\/www.snowplak.com\/wp-content\/uploads\/2025\/11\/affiche-rcm-2025-480x681.jpg 480w\" sizes=\"(min-width: 0px) and (max-width: 480px) 480px, (min-width: 481px) and (max-width: 980px) 980px, (min-width: 981px) and (max-width: 1280px) 1280px, (min-width: 1281px) 1294px, 100vw\" \/><\/td>\n<td style=\"width: 50%;\">\n<p><strong>Snowplak participe cette ann\u00e9e aux Rencontres Cin\u00e9 Montagne, qui se tiennent du 4 au 8 novembre 2025 au Palais des Sports de Grenoble.<\/strong><\/p>\n<p>Les Rencontres Cin\u00e9 Montagne c\u2019est le rendez-vous incontournable des grenoblois-es en qu\u00eate d\u2019aventure !<br \/>L\u2019occasion de s\u2019extasier devant des images spectaculaires, de partager un bon repas mais \u00e9galement de rencontrer des sportif-ves passion-\u00e9es, des familles pas comme les autres et des groupes d\u2019ami-es survolt\u00e9s ! Les 28 films s\u00e9lectionn\u00e9s vous feront voyager aux quatre coins du monde en ski, en parapente ou en escalade.<\/p>\n<p><strong>Retrouvez l\u2019\u00e9quipe Snowplak pendant l\u2019\u00e9v\u00e8nement, sur le stand d\u00e9di\u00e9, pour en savoir plus sur leurs raquettes innovantes et discuter montagne et mat\u00e9riel.<\/strong><\/p>\n<\/td>\n<\/tr>\n<\/tbody>\n<\/table>\n<p>&nbsp;<\/p>\n<p>[\/et_pb_text][\/et_pb_column][\/et_pb_row][\/et_pb_section][et_pb_section fb_built=&#8221;1&#8243; admin_label=&#8221;Blog&#8221; _builder_version=&#8221;4.20.0&#8243; _module_preset=&#8221;default&#8221; collapsed=&#8221;on&#8221; global_colors_info=&#8221;{}&#8221;][et_pb_row _builder_version=&#8221;4.20.2&#8243; _module_preset=&#8221;default&#8221; global_colors_info=&#8221;{}&#8221;][et_pb_column type=&#8221;4_4&#8243; _builder_version=&#8221;4.20.2&#8243; _module_preset=&#8221;default&#8221; custom_css_main_element=&#8221;display:flex; ||justify-content:center;||align-items:center;||flex-direction:column;&#8221; global_colors_info=&#8221;{}&#8221;][et_pb_text _builder_version=&#8221;4.20.2&#8243; _module_preset=&#8221;default&#8221; text_font_size=&#8221;21px&#8221; text_line_height=&#8221;1.4em&#8221; text_orientation=&#8221;center&#8221; custom_css_main_element=&#8221;width: 100%;||text-align:center;||@media screen and (min-width: 767px) {||  width: 50%;||}&#8221; global_colors_info=&#8221;{}&#8221;]<\/p>\n<p style=\"text-align: center;\">Notre mod\u00e8le Approach a re\u00e7u un prix <strong>d\u2019Innovation Sportive INOSPORT 2017<\/strong> et a \u00e9t\u00e9 <strong>Gold Winner ISPO 2018<\/strong> \u00e0 Munich.<\/p>\n<p>[\/et_pb_text][\/et_pb_column][\/et_pb_row][et_pb_row _builder_version=&#8221;4.27.4&#8243; _module_preset=&#8221;default&#8221; hover_enabled=&#8221;0&#8243; global_colors_info=&#8221;{}&#8221; disabled_on=&#8221;on|on|on&#8221; disabled=&#8221;on&#8221; sticky_enabled=&#8221;0&#8243;][et_pb_column type=&#8221;4_4&#8243; _builder_version=&#8221;4.24.0&#8243; _module_preset=&#8221;default&#8221; global_colors_info=&#8221;{}&#8221;][et_pb_text _builder_version=&#8221;4.24.0&#8243; _module_preset=&#8221;default&#8221; global_colors_info=&#8221;{}&#8221;]<\/p>\n<h2 style=\"text-align: center;\">SnowPlak est dans la presse !\u00a0<\/h2>\n<p>[\/et_pb_text][et_pb_gallery gallery_ids=&#8221;1917,1919,1918&#8243; posts_number=&#8221;3&#8243; orientation=&#8221;portrait&#8221; _builder_version=&#8221;4.24.0&#8243; _module_preset=&#8221;default&#8221; global_colors_info=&#8221;{}&#8221;][\/et_pb_gallery][\/et_pb_column][\/et_pb_row][\/et_pb_section][et_pb_section fb_built=&#8221;1&#8243; admin_label=&#8221;Subscribe&#8221; _builder_version=&#8221;4.20.0&#8243; _module_preset=&#8221;default&#8221; collapsed=&#8221;on&#8221; global_colors_info=&#8221;{}&#8221;][et_pb_row custom_padding_last_edited=&#8221;on|desktop&#8221; _builder_version=&#8221;4.20.2&#8243; _module_preset=&#8221;default&#8221; background_color=&#8221;gcid-86da69f8-ce43-4c42-8395-4abd58818e72&#8243; custom_padding=&#8221;60px|60px|60px|60px|true|true&#8221; custom_padding_tablet=&#8221;30px|30px|30px|30px|true|true&#8221; custom_padding_phone=&#8221;20px|20px|20px|20px|true|true&#8221; global_colors_info=&#8221;{%22gcid-86da69f8-ce43-4c42-8395-4abd58818e72%22:%91%22background_color%22%93}&#8221;][et_pb_column type=&#8221;4_4&#8243; _builder_version=&#8221;4.20.0&#8243; _module_preset=&#8221;default&#8221; global_colors_info=&#8221;{}&#8221;][et_pb_text _builder_version=&#8221;4.20.2&#8243; _module_preset=&#8221;ba08de10-d058-418a-a9b9-fd6cd65a93eb&#8221; global_colors_info=&#8221;{}&#8221;]<\/p>\n<h2 style=\"text-align: center;\">Retrouvez aussi nos actualit\u00e9s sur nos r\u00e9seaux sociaux !<\/h2>\n<p>[\/et_pb_text][et_pb_social_media_follow use_icon_font_size=&#8221;on&#8221; icon_font_size=&#8221;17px&#8221; _builder_version=&#8221;4.20.2&#8243; text_orientation=&#8221;center&#8221; custom_padding=&#8221;0px|||||&#8221; global_colors_info=&#8221;{}&#8221;][et_pb_social_media_follow_network social_network=&#8221;instagram&#8221; url=&#8221;https:\/\/www.instagram.com\/snowplak_official\/?hl=fr&#8221; _builder_version=&#8221;4.16&#8243; background_color=&#8221;#ea2c59&#8243; global_colors_info=&#8221;{}&#8221; follow_button=&#8221;off&#8221; url_new_window=&#8221;on&#8221;]instagram[\/et_pb_social_media_follow_network][et_pb_social_media_follow_network social_network=&#8221;facebook&#8221; url=&#8221;https:\/\/www.facebook.com\/SnowPlak\/&#8221; _builder_version=&#8221;4.16&#8243; background_color=&#8221;#3b5998&#8243; global_colors_info=&#8221;{}&#8221; follow_button=&#8221;off&#8221; url_new_window=&#8221;on&#8221;]facebook[\/et_pb_social_media_follow_network][\/et_pb_social_media_follow][\/et_pb_column][\/et_pb_row][\/et_pb_section]<\/p>\n","protected":false},"excerpt":{"rendered":"<p>ACTUALIT\u00c9s \u00a0D\u00e9couvrez les actualit\u00e9s de SnowPlak Snowplak participe cette ann\u00e9e aux Rencontres Cin\u00e9 Montagne, qui se tiennent du 4 au 8 novembre 2025 au Palais des Sports de Grenoble. Les Rencontres Cin\u00e9 Montagne c\u2019est le rendez-vous incontournable des grenoblois-es en qu\u00eate d\u2019aventure !L\u2019occasion de s\u2019extasier devant des images spectaculaires, de partager un bon repas mais [&hellip;]<\/p>\n","protected":false},"author":1,"featured_media":0,"parent":0,"menu_order":0,"comment_status":"closed","ping_status":"closed","template":"","meta":{"_acf_changed":false,"_seopress_robots_primary_cat":"","_seopress_titles_title":"","_seopress_titles_desc":"","_seopress_robots_index":"","_et_pb_use_builder":"on","_et_pb_old_content":"","_et_gb_content_width":"","footnotes":""},"class_list":["post-1098","page","type-page","status-publish","hentry"],"acf":[],"_links":{"self":[{"href":"https:\/\/www.snowplak.com\/fr\/wp-json\/wp\/v2\/pages\/1098","targetHints":{"allow":["GET"]}}],"collection":[{"href":"https:\/\/www.snowplak.com\/fr\/wp-json\/wp\/v2\/pages"}],"about":[{"href":"https:\/\/www.snowplak.com\/fr\/wp-json\/wp\/v2\/types\/page"}],"author":[{"embeddable":true,"href":"https:\/\/www.snowplak.com\/fr\/wp-json\/wp\/v2\/users\/1"}],"replies":[{"embeddable":true,"href":"https:\/\/www.snowplak.com\/fr\/wp-json\/wp\/v2\/comments?post=1098"}],"version-history":[{"count":37,"href":"https:\/\/www.snowplak.com\/fr\/wp-json\/wp\/v2\/pages\/1098\/revisions"}],"predecessor-version":[{"id":2186,"href":"https:\/\/www.snowplak.com\/fr\/wp-json\/wp\/v2\/pages\/1098\/revisions\/2186"}],"wp:attachment":[{"href":"https:\/\/www.snowplak.com\/fr\/wp-json\/wp\/v2\/media?parent=1098"}],"curies":[{"name":"wp","href":"https:\/\/api.w.org\/{rel}","templated":true}]}}