{"id":990,"date":"2021-01-17T17:10:56","date_gmt":"2021-01-17T16:10:56","guid":{"rendered":"https:\/\/www.snowplak.com\/?page_id=990"},"modified":"2021-01-17T18:17:26","modified_gmt":"2021-01-17T17:17:26","slug":"mentions-legales","status":"publish","type":"page","link":"https:\/\/www.snowplak.com\/fr\/mentions-legales\/","title":{"rendered":"Mentions l\u00e9gales"},"content":{"rendered":"<p>[et_pb_section fb_built=&#8221;1&#8243; _builder_version=&#8221;4.8.1&#8243; _module_preset=&#8221;default&#8221;][et_pb_row _builder_version=&#8221;4.8.1&#8243; _module_preset=&#8221;default&#8221;][et_pb_column type=&#8221;4_4&#8243; _builder_version=&#8221;4.8.1&#8243; _module_preset=&#8221;default&#8221;][et_pb_text _builder_version=&#8221;4.8.1&#8243; _module_preset=&#8221;default&#8221;]<\/p>\n<h1>Mentions l\u00e9gales &#8211; SnowPlak<\/h1>\n<p>&nbsp;<\/p>\n<p>&nbsp;<\/p>\n<p><strong>SnowPlak<\/strong><\/p>\n<p><span style=\"font-weight: 400;\">SnowPlak, 16 rue du Prieur\u00e9 38420 DOMENE France<\/span><\/p>\n<p><span style=\"font-weight: 400;\">Num\u00e9ro de t\u00e9l\u00e9phone non surtax\u00e9 : 0750406353<\/span><\/p>\n<p><span style=\"font-weight: 400;\">Adresse de courrier \u00e9lectronique: contact@snowplak.eu<\/span><\/p>\n<p><span style=\"font-weight: 400;\">Structure juridique : SAS<\/span><\/p>\n<p><span style=\"font-weight: 400;\">Ville d\u2019immatriculation : Grenoble<\/span><\/p>\n<p><span style=\"font-weight: 400;\">Num\u00e9ro d\u2019identification SIREN 839 654 407<\/span><\/p>\n<p><span style=\"font-weight: 400;\">EORI: FR83965440700015<\/span><\/p>\n<p><span style=\"font-weight: 400;\">TVA INTRACOMMUNAUTAIRE: FR12839654407<\/span><\/p>\n<p><span style=\"font-weight: 400;\">Capital social : 20 000\u20ac<\/span><\/p>\n<p><span style=\"font-weight: 400;\">Le directeur de la publication est : Jean-Marc Fr\u00e9n\u00e9e<\/span><\/p>\n<p>&nbsp;<\/p>\n<p><span style=\"font-weight: 400;\">R\u00e9alisation du projet web: Fr3do design et Explora Prod<\/span><\/p>\n<p><span style=\"font-weight: 400;\"><\/span><\/p>\n<p><span style=\"font-weight: 400;\"><\/span><\/p>\n<p><strong>HEBERGEMENT<\/strong><\/p>\n<p><span style=\"font-weight: 400;\">L\u2019h\u00e9bergement du site internet est assur\u00e9 par : OVH-Cloud<\/span><\/p>\n<p><span>SAS au capital de 10 069 020 \u20ac<\/span><br \/><span>RCS Lille M\u00e9tropole 424 761 419 00045<\/span><br \/><span>Code APE 2620Z<\/span><br \/><span>N\u00b0 TVA : FR 22 424 761 419<\/span><br \/><span>Si\u00e8ge social : 2 rue Kellermann &#8211; 59100 Roubaix &#8211; France<\/span><\/p>\n<p><span><\/span><\/p>\n<p><span><\/span><\/p>\n<p><span style=\"font-weight: 400;\">L\u2019ensemble de ce site rel\u00e8ve des l\u00e9gislations fran\u00e7aise et internationale sur le droit d\u2019auteur et la propri\u00e9t\u00e9 intellectuelle. Tous les droits de reproduction sont r\u00e9serv\u00e9s, y compris pour les documents iconographiques et photographiques.<\/span><\/p>\n<p>&nbsp;<\/p>\n<p>[\/et_pb_text][\/et_pb_column][\/et_pb_row][\/et_pb_section]<\/p>\n","protected":false},"excerpt":{"rendered":"<p>Mentions l\u00e9gales &#8211; SnowPlak &nbsp; &nbsp; SnowPlak SnowPlak, 16 rue du Prieur\u00e9 38420 DOMENE France Num\u00e9ro de t\u00e9l\u00e9phone non surtax\u00e9 : 0750406353 Adresse de courrier \u00e9lectronique: contact@snowplak.eu Structure juridique : SAS Ville d\u2019immatriculation : Grenoble Num\u00e9ro d\u2019identification SIREN 839 654 407 EORI: FR83965440700015 TVA INTRACOMMUNAUTAIRE: FR12839654407 Capital social : 20 000\u20ac Le directeur de la [&hellip;]<\/p>\n","protected":false},"author":1,"featured_media":0,"parent":0,"menu_order":0,"comment_status":"closed","ping_status":"closed","template":"","meta":{"_acf_changed":false,"_seopress_robots_primary_cat":"","_seopress_titles_title":"","_seopress_titles_desc":"","_seopress_robots_index":"","_et_pb_use_builder":"on","_et_pb_old_content":"","_et_gb_content_width":"","footnotes":""},"class_list":["post-990","page","type-page","status-publish","hentry"],"acf":[],"_links":{"self":[{"href":"https:\/\/www.snowplak.com\/fr\/wp-json\/wp\/v2\/pages\/990","targetHints":{"allow":["GET"]}}],"collection":[{"href":"https:\/\/www.snowplak.com\/fr\/wp-json\/wp\/v2\/pages"}],"about":[{"href":"https:\/\/www.snowplak.com\/fr\/wp-json\/wp\/v2\/types\/page"}],"author":[{"embeddable":true,"href":"https:\/\/www.snowplak.com\/fr\/wp-json\/wp\/v2\/users\/1"}],"replies":[{"embeddable":true,"href":"https:\/\/www.snowplak.com\/fr\/wp-json\/wp\/v2\/comments?post=990"}],"version-history":[{"count":3,"href":"https:\/\/www.snowplak.com\/fr\/wp-json\/wp\/v2\/pages\/990\/revisions"}],"predecessor-version":[{"id":1001,"href":"https:\/\/www.snowplak.com\/fr\/wp-json\/wp\/v2\/pages\/990\/revisions\/1001"}],"wp:attachment":[{"href":"https:\/\/www.snowplak.com\/fr\/wp-json\/wp\/v2\/media?parent=990"}],"curies":[{"name":"wp","href":"https:\/\/api.w.org\/{rel}","templated":true}]}}