{"id":1010,"date":"2024-01-27T15:55:10","date_gmt":"2024-01-27T14:55:10","guid":{"rendered":"https:\/\/www.snowplak.com\/?post_type=product&#038;p=1010"},"modified":"2025-09-14T21:31:57","modified_gmt":"2025-09-14T19:31:57","slug":"snowplak-approach","status":"publish","type":"product","link":"https:\/\/www.snowplak.com\/fr\/produit\/snowplak-approach\/","title":{"rendered":"Approach"},"content":{"rendered":"<p>[et_pb_section fb_built=&#8221;1&#8243; _builder_version=&#8221;4.16&#8243; custom_padding=&#8221;0px||||false|false&#8221; global_colors_info=&#8221;{}&#8221;][et_pb_row _builder_version=&#8221;4.16&#8243; background_size=&#8221;initial&#8221; background_position=&#8221;top_left&#8221; background_repeat=&#8221;repeat&#8221; width=&#8221;100%&#8221; custom_padding=&#8221;0px||0px||false|false&#8221; global_colors_info=&#8221;{}&#8221;][et_pb_column type=&#8221;4_4&#8243; _builder_version=&#8221;4.16&#8243; custom_padding=&#8221;|||&#8221; global_colors_info=&#8221;{}&#8221; custom_padding__hover=&#8221;|||&#8221;][et_pb_wc_breadcrumb _builder_version=&#8221;4.16&#8243; global_colors_info=&#8221;{}&#8221;][\/et_pb_wc_breadcrumb][et_pb_wc_cart_notice _builder_version=&#8221;4.16&#8243; global_colors_info=&#8221;{}&#8221;][\/et_pb_wc_cart_notice][\/et_pb_column][\/et_pb_row][et_pb_row column_structure=&#8221;1_2,1_2&#8243; _builder_version=&#8221;4.16&#8243; background_size=&#8221;initial&#8221; background_position=&#8221;top_left&#8221; background_repeat=&#8221;repeat&#8221; width=&#8221;100%&#8221; custom_padding=&#8221;0px||||false|false&#8221; global_colors_info=&#8221;{}&#8221;][et_pb_column type=&#8221;1_2&#8243; _builder_version=&#8221;4.16&#8243; custom_padding=&#8221;|||&#8221; global_colors_info=&#8221;{}&#8221; custom_padding__hover=&#8221;|||&#8221;][et_pb_wc_images _builder_version=&#8221;4.16&#8243; global_colors_info=&#8221;{}&#8221;][\/et_pb_wc_images][\/et_pb_column][et_pb_column type=&#8221;1_2&#8243; _builder_version=&#8221;4.16&#8243; custom_padding=&#8221;|||&#8221; global_colors_info=&#8221;{}&#8221; custom_padding__hover=&#8221;|||&#8221;][et_pb_wc_title _builder_version=&#8221;4.16&#8243; global_colors_info=&#8221;{}&#8221;][\/et_pb_wc_title][et_pb_wc_rating _builder_version=&#8221;4.16&#8243; global_colors_info=&#8221;{}&#8221;][\/et_pb_wc_rating][et_pb_wc_price _builder_version=&#8221;4.16&#8243; global_colors_info=&#8221;{}&#8221;][\/et_pb_wc_price][et_pb_wc_description admin_label=&#8221;Woo du produit&#8221; _builder_version=&#8221;4.16&#8243; global_colors_info=&#8221;{}&#8221;][\/et_pb_wc_description][et_pb_wc_add_to_cart _builder_version=&#8221;4.16&#8243; global_colors_info=&#8221;{}&#8221;][\/et_pb_wc_add_to_cart][et_pb_wc_meta _builder_version=&#8221;4.16&#8243; global_colors_info=&#8221;{}&#8221;][\/et_pb_wc_meta][\/et_pb_column][\/et_pb_row][et_pb_row _builder_version=&#8221;4.16&#8243; background_size=&#8221;initial&#8221; background_position=&#8221;top_left&#8221; background_repeat=&#8221;repeat&#8221; width=&#8221;100%&#8221; global_colors_info=&#8221;{}&#8221;][et_pb_column type=&#8221;4_4&#8243; _builder_version=&#8221;4.16&#8243; custom_padding=&#8221;|||&#8221; global_colors_info=&#8221;{}&#8221; custom_padding__hover=&#8221;|||&#8221;][et_pb_wc_tabs _builder_version=&#8221;4.16&#8243; global_colors_info=&#8221;{}&#8221;] [\/et_pb_wc_tabs][et_pb_wc_upsells _builder_version=&#8221;4.16&#8243; global_colors_info=&#8221;{}&#8221;][\/et_pb_wc_upsells][et_pb_wc_related_products _builder_version=&#8221;4.16&#8243; global_colors_info=&#8221;{}&#8221;][\/et_pb_wc_related_products][\/et_pb_column][\/et_pb_row][\/et_pb_section]<\/p>\n","protected":false},"excerpt":{"rendered":"","protected":false},"featured_media":1773,"menu_order":0,"comment_status":"closed","ping_status":"closed","template":"","meta":{"_acf_changed":false,"_seopress_robots_primary_cat":"none","_seopress_titles_title":"","_seopress_titles_desc":"La SnowPlak est un concept brevet\u00e9 qui permet de s'adapter \u00e0 des neiges meubles tout en gardant vos crampons. En aluminium recyclable, enti\u00e8rement con\u00e7ues et r\u00e9alis\u00e9es en France.","_seopress_robots_index":"","_et_pb_use_builder":"on","_et_pb_old_content":"La SnowPlak est un concept brevet\u00e9 permettant de s'adapter rapidement \u00e0 des neiges meubles, tout en gardant vos crampons aux pieds. En montagne sur neige dure ou glace, l'\u00e9quipement obligatoire comprend des crampons d'alpinisme, indispensables \u00e0 une progression s\u00e9curis\u00e9e. Les SnowPlak associ\u00e9es \u00e0 vos crampons en \u00e9tendent le domaine d'utilisation \u00e0 des conditions d'enneigement diverses. Lorsque les deux \u00e9quipements sont assembl\u00e9s, ils forment une \"raquette \u00e0 neige\" compatible avec la pratique de l'alpinisme, l\u2019approche, les secours ou la randonn\u00e9e alpine. Courtes et l\u00e9g\u00e8res (660g\/paire, 23x37x5cm), elles permettent une progression s\u00e9curis\u00e9e jusque dans des pentes soutenues (30\u00b0 et plus), en travers\u00e9e ou mont\u00e9e &amp; descente. Les SnowPlak s'enl\u00e8vent d'un geste et rentrent dans un sac de 20 litres. Cette derni\u00e8re version comporte une barrette aluminium anodis\u00e9e am\u00e9liorant la compacit\u00e9 et la compatibilit\u00e9 des crampons en petites pointures ou \u00e0 cordelettes. Les sangles sont de largeur 20mm. Une bride avant vient \u00e9galement faciliter le passage des sangles. Ce produit en aluminium recyclable est enti\u00e8rement con\u00e7u et r\u00e9alis\u00e9 en France.\r\n\r\n<strong>Remise PRO de 20 % sur le mod\u00e8le Approach<\/strong>\r\nGuides HM, AEM, secouristes et m\u00e9decins\r\nDemandez votre devis par mail: contact@snowplak.eu\r\n\r\n<i><u>Pr\u00e9cautions d'emploi :<\/u><\/i><i>\r\n<\/i><i>Les raquettes SnowPlak sont destin\u00e9es \u00e0 r\u00e9duire l\u2019enfoncement sur neiges meubles mais ne doivent pas \u00eatre utilis\u00e9es sans crampon ou sur pentes de neige dure ou glace. <\/i><i>\r\n<\/i><i>Les deux \u00e9quipements assembl\u00e9s forment une raquette \u00e0 neige facilitant l\u2019approche et la randonn\u00e9e, dans le contexte d\u2019usage habituel d\u2019une raquette. <\/i><i>\r\n<\/i><i>Utiliser imp\u00e9rativement les crampons \u00e0 glace seuls lorsqu'ils sont indispensables \u00e0 la s\u00e9curit\u00e9 pour l'alpinisme.<\/i>","_et_gb_content_width":""},"product_brand":[],"product_cat":[25],"product_tag":[],"class_list":{"0":"post-1010","1":"product","2":"type-product","3":"status-publish","4":"has-post-thumbnail","6":"product_cat-raquettes-snowplak","8":"first","9":"instock","10":"taxable","11":"shipping-taxable","12":"purchasable","13":"product-type-variable","14":"has-default-attributes"},"acf":[],"_links":{"self":[{"href":"https:\/\/www.snowplak.com\/fr\/wp-json\/wp\/v2\/product\/1010","targetHints":{"allow":["GET"]}}],"collection":[{"href":"https:\/\/www.snowplak.com\/fr\/wp-json\/wp\/v2\/product"}],"about":[{"href":"https:\/\/www.snowplak.com\/fr\/wp-json\/wp\/v2\/types\/product"}],"replies":[{"embeddable":true,"href":"https:\/\/www.snowplak.com\/fr\/wp-json\/wp\/v2\/comments?post=1010"}],"wp:featuredmedia":[{"embeddable":true,"href":"https:\/\/www.snowplak.com\/fr\/wp-json\/wp\/v2\/media\/1773"}],"wp:attachment":[{"href":"https:\/\/www.snowplak.com\/fr\/wp-json\/wp\/v2\/media?parent=1010"}],"wp:term":[{"taxonomy":"product_brand","embeddable":true,"href":"https:\/\/www.snowplak.com\/fr\/wp-json\/wp\/v2\/product_brand?post=1010"},{"taxonomy":"product_cat","embeddable":true,"href":"https:\/\/www.snowplak.com\/fr\/wp-json\/wp\/v2\/product_cat?post=1010"},{"taxonomy":"product_tag","embeddable":true,"href":"https:\/\/www.snowplak.com\/fr\/wp-json\/wp\/v2\/product_tag?post=1010"}],"curies":[{"name":"wp","href":"https:\/\/api.w.org\/{rel}","templated":true}]}}