{"id":2120,"date":"2025-05-13T21:32:18","date_gmt":"2025-05-13T19:32:18","guid":{"rendered":"https:\/\/www.snowplak.com\/?post_type=product&#038;p=2120"},"modified":"2026-01-18T13:45:48","modified_gmt":"2026-01-18T12:45:48","slug":"hybrid-3","status":"publish","type":"product","link":"https:\/\/www.snowplak.com\/fr\/produit\/hybrid-3\/","title":{"rendered":"Hybrid 3"},"content":{"rendered":"<p>Ce concept hybride permet une utilisation de la raquette seule ou avec des crampons \u00e0 glace. L\u2019adaptation \u00e0 diff\u00e9rents types de neiges et de pentes est ainsi optimis\u00e9.<br \/>\nLa TRAIL HYBRID est \u00e0 l\u2019aise sur tous les terrains, pour une balade dans la neige entre amis comme pour l\u2019approche alpine ou le snowboard. Tr\u00e8s l\u00e9g\u00e8re, son portage dans le sac n\u2019est plus un probl\u00e8me en inter-saison.<\/p>\n<p>La portance en taille M est similaire aux raquettes classiques , avec du confort de marche en plus et environ 1kg en moins. On peut monter les crampons \u00e0 glace sous la raquette pour une accroche maximale.<\/p>\n<p><iframe loading=\"lazy\" title=\"SnowPlak HYBRID 3\" width=\"1080\" height=\"810\" src=\"https:\/\/www.youtube.com\/embed\/SFEbBvHEBEo?feature=oembed\"  allow=\"accelerometer; autoplay; clipboard-write; encrypted-media; gyroscope; picture-in-picture; web-share\" referrerpolicy=\"strict-origin-when-cross-origin\" allowfullscreen><\/iframe><\/p>\n","protected":false},"excerpt":{"rendered":"<p>Raquette \u00e0 neige hybride compacte et ultra l\u00e9g\u00e8re pour la randonn\u00e9e sur neige. La forme et la souplesse des plaques permettent une foul\u00e9e agr\u00e9able en mont\u00e9e comme en descente.<\/p>\n","protected":false},"featured_media":2219,"menu_order":0,"comment_status":"closed","ping_status":"closed","template":"","meta":{"_acf_changed":false,"_seopress_robots_primary_cat":"none","_seopress_titles_title":"","_seopress_titles_desc":"Raquette \u00e0 neige hybride compacte et ultra l\u00e9g\u00e8re pour la randonn\u00e9e sur neige en pente mod\u00e9r\u00e9e.","_seopress_robots_index":"","_et_pb_use_builder":"","_et_pb_old_content":"","_et_gb_content_width":""},"product_brand":[],"product_cat":[25],"product_tag":[],"class_list":{"0":"post-2120","1":"product","2":"type-product","3":"status-publish","4":"has-post-thumbnail","6":"product_cat-raquettes-snowplak","7":"product_shipping_class-trail-blanc","9":"first","10":"instock","11":"taxable","12":"shipping-taxable","13":"purchasable","14":"product-type-variable","15":"has-default-attributes"},"acf":[],"_links":{"self":[{"href":"https:\/\/www.snowplak.com\/fr\/wp-json\/wp\/v2\/product\/2120","targetHints":{"allow":["GET"]}}],"collection":[{"href":"https:\/\/www.snowplak.com\/fr\/wp-json\/wp\/v2\/product"}],"about":[{"href":"https:\/\/www.snowplak.com\/fr\/wp-json\/wp\/v2\/types\/product"}],"replies":[{"embeddable":true,"href":"https:\/\/www.snowplak.com\/fr\/wp-json\/wp\/v2\/comments?post=2120"}],"wp:featuredmedia":[{"embeddable":true,"href":"https:\/\/www.snowplak.com\/fr\/wp-json\/wp\/v2\/media\/2219"}],"wp:attachment":[{"href":"https:\/\/www.snowplak.com\/fr\/wp-json\/wp\/v2\/media?parent=2120"}],"wp:term":[{"taxonomy":"product_brand","embeddable":true,"href":"https:\/\/www.snowplak.com\/fr\/wp-json\/wp\/v2\/product_brand?post=2120"},{"taxonomy":"product_cat","embeddable":true,"href":"https:\/\/www.snowplak.com\/fr\/wp-json\/wp\/v2\/product_cat?post=2120"},{"taxonomy":"product_tag","embeddable":true,"href":"https:\/\/www.snowplak.com\/fr\/wp-json\/wp\/v2\/product_tag?post=2120"}],"curies":[{"name":"wp","href":"https:\/\/api.w.org\/{rel}","templated":true}]}}